{"id":12263,"date":"2024-03-08T19:37:12","date_gmt":"2024-03-08T18:37:12","guid":{"rendered":"https:\/\/swissblackangus.ch\/wordpress\/?page_id=12263"},"modified":"2024-10-24T19:00:06","modified_gmt":"2024-10-24T17:00:06","slug":"allevamento-di-vacche-nutrici","status":"publish","type":"page","link":"https:\/\/swissblackangus.ch\/it\/mutterkuhhaltung\/","title":{"rendered":"Madre e latte"},"content":{"rendered":"<div data-elementor-type=\"wp-page\" data-elementor-id=\"12263\" class=\"elementor elementor-12263\" data-elementor-post-type=\"page\">\n\t\t\t\t<div class=\"elementor-element elementor-element-4682f1ba e-con-full e-flex e-con e-parent\" data-id=\"4682f1ba\" data-element_type=\"container\" data-e-type=\"container\" data-settings=\"{&quot;background_background&quot;:&quot;classic&quot;}\">\n\t\t\t\t<div class=\"elementor-element elementor-element-48efc1fb elementor-widget elementor-widget-image\" data-id=\"48efc1fb\" data-element_type=\"widget\" data-e-type=\"widget\" data-widget_type=\"image.default\">\n\t\t\t\t<div class=\"elementor-widget-container\">\n\t\t\t\t\t\t\t\t\t\t\t\t\t\t\t<img fetchpriority=\"high\" decoding=\"async\" width=\"800\" height=\"492\" src=\"https:\/\/swissblackangus.ch\/wp-content\/uploads\/2024\/03\/DSCN1634_Z2_dunkler-3-1500x923-1-1024x630.jpg\" class=\"attachment-large size-large wp-image-12276\" alt=\"Allevamento di vacche nutrici, la madre lecca un vitello\" srcset=\"https:\/\/swissblackangus.ch\/wp-content\/uploads\/2024\/03\/DSCN1634_Z2_dunkler-3-1500x923-1-1024x630.jpg 1024w, https:\/\/swissblackangus.ch\/wp-content\/uploads\/2024\/03\/DSCN1634_Z2_dunkler-3-1500x923-1-300x185.jpg 300w, https:\/\/swissblackangus.ch\/wp-content\/uploads\/2024\/03\/DSCN1634_Z2_dunkler-3-1500x923-1-768x473.jpg 768w, https:\/\/swissblackangus.ch\/wp-content\/uploads\/2024\/03\/DSCN1634_Z2_dunkler-3-1500x923-1.jpg 1500w\" sizes=\"(max-width: 800px) 100vw, 800px\" \/>\t\t\t\t\t\t\t\t\t\t\t\t\t\t\t<\/div>\n\t\t\t\t<\/div>\n\t\t<div class=\"elementor-element elementor-element-208f39b6 e-con-full e-flex e-con e-child\" data-id=\"208f39b6\" data-element_type=\"container\" data-e-type=\"container\" data-settings=\"{&quot;position&quot;:&quot;absolute&quot;}\">\n\t\t\t\t<div data-dce-title-color=\"#FFFFFF\" class=\"elementor-element elementor-element-10aaecb0 elementor-widget elementor-widget-heading\" data-id=\"10aaecb0\" data-element_type=\"widget\" data-e-type=\"widget\" data-widget_type=\"heading.default\">\n\t\t\t\t<div class=\"elementor-widget-container\">\n\t\t\t\t\t<h1 class=\"elementor-heading-title elementor-size-default translation-block\">UN ALLEVAMENTO DI VACCHE NUTRICI RISPETTOSO E SOSTENIBILE NON HA BISOGNO DI ALCUNA AGGIUNTA.<\/h1>\t\t\t\t<\/div>\n\t\t\t\t<\/div>\n\t\t\t\t<div class=\"elementor-element elementor-element-5d6aaded elementor-widget-divider--view-line elementor-widget elementor-widget-divider\" data-id=\"5d6aaded\" data-element_type=\"widget\" data-e-type=\"widget\" data-widget_type=\"divider.default\">\n\t\t\t\t<div class=\"elementor-widget-container\">\n\t\t\t\t\t\t\t<div class=\"elementor-divider\">\n\t\t\t<span class=\"elementor-divider-separator\">\n\t\t\t\t\t\t<\/span>\n\t\t<\/div>\n\t\t\t\t\t\t<\/div>\n\t\t\t\t<\/div>\n\t\t\t\t<\/div>\n\t\t\t\t<\/div>\n\t\t<div class=\"elementor-element elementor-element-48d24c94 e-flex e-con-boxed e-con e-parent\" data-id=\"48d24c94\" data-element_type=\"container\" data-e-type=\"container\" data-settings=\"{&quot;background_background&quot;:&quot;classic&quot;}\">\n\t\t\t\t\t<div class=\"e-con-inner\">\n\t\t<div class=\"elementor-element elementor-element-d6dd1e4 e-con-full animated-slow e-flex elementor-invisible e-con e-child\" data-id=\"d6dd1e4\" data-element_type=\"container\" data-e-type=\"container\" data-settings=\"{&quot;animation&quot;:&quot;fadeIn&quot;,&quot;animation_delay&quot;:0.5,&quot;background_background&quot;:&quot;classic&quot;}\">\n\t\t\t\t<div class=\"elementor-element elementor-element-c171ca0 elementor-widget elementor-widget-image\" data-id=\"c171ca0\" data-element_type=\"widget\" data-e-type=\"widget\" data-widget_type=\"image.default\">\n\t\t\t\t<div class=\"elementor-widget-container\">\n\t\t\t\t\t\t\t\t\t\t\t\t\t\t\t<img decoding=\"async\" width=\"364\" height=\"364\" src=\"https:\/\/swissblackangus.ch\/wp-content\/uploads\/2024\/03\/12-1.png\" class=\"attachment-large size-large wp-image-12308\" alt=\"Testa di mucca\" srcset=\"https:\/\/swissblackangus.ch\/wp-content\/uploads\/2024\/03\/12-1.png 364w, https:\/\/swissblackangus.ch\/wp-content\/uploads\/2024\/03\/12-1-300x300.png 300w, https:\/\/swissblackangus.ch\/wp-content\/uploads\/2024\/03\/12-1-150x150.png 150w\" sizes=\"(max-width: 364px) 100vw, 364px\" \/>\t\t\t\t\t\t\t\t\t\t\t\t\t\t\t<\/div>\n\t\t\t\t<\/div>\n\t\t\t\t<div data-dce-title-color=\"#FFFFFF\" class=\"elementor-element elementor-element-105b0d73 elementor-widget elementor-widget-heading\" data-id=\"105b0d73\" data-element_type=\"widget\" data-e-type=\"widget\" data-widget_type=\"heading.default\">\n\t\t\t\t<div class=\"elementor-widget-container\">\n\t\t\t\t\t<h2 class=\"elementor-heading-title elementor-size-default translation-block\">Allevamento di vacche nutrici \u2013\nla modernit\u00e0 nei buoni vecchi tempi<\/h2>\t\t\t\t<\/div>\n\t\t\t\t<\/div>\n\t\t\t\t<div class=\"elementor-element elementor-element-1cca090a elementor-widget-divider--view-line elementor-widget elementor-widget-global elementor-global-12215 elementor-widget-divider\" data-id=\"1cca090a\" data-element_type=\"widget\" data-e-type=\"widget\" data-widget_type=\"divider.default\">\n\t\t\t\t<div class=\"elementor-widget-container\">\n\t\t\t\t\t\t\t<div class=\"elementor-divider\">\n\t\t\t<span class=\"elementor-divider-separator\">\n\t\t\t\t\t\t<\/span>\n\t\t<\/div>\n\t\t\t\t\t\t<\/div>\n\t\t\t\t<\/div>\n\t\t\t\t<div class=\"elementor-element elementor-element-1bb583e justify elementor-widget elementor-widget-text-editor\" data-id=\"1bb583e\" data-element_type=\"widget\" data-e-type=\"widget\" data-widget_type=\"text-editor.default\">\n\t\t\t\t<div class=\"elementor-widget-container\">\n\t\t\t\t\t\t\t\t\tOgni persona che vede una mandria di Angus al pascolo la sente\u2026. Sente la sensazione di un giusto ordine naturale. Le vacche accudiscono e allattano i loro vitelli, mentre il toro cammina tra di loro in tutta calma. Questo \u00e8 l\u2019allevamento delle vacche madri, nulla di pi\u00f9. La migliore forma di produzione ridotta al minimo indispensabile. Non ci sono n\u00e9 soia importata, n\u00e9 additivi promotori della crescita, n\u00e9 foraggi geneticamente modificati. I vitelli rimangono dalla nascita con le loro madri, le quali si nutrono di erba e fieno per offrire alla loro prole il miglior prodotto: il latte materno.\t\t\t\t\t\t\t\t<\/div>\n\t\t\t\t<\/div>\n\t\t\t\t<\/div>\n\t\t\t\t\t<\/div>\n\t\t\t\t<\/div>\n\t\t<div class=\"elementor-element elementor-element-42a6eb66 e-con-full e-flex e-con e-parent\" data-id=\"42a6eb66\" data-element_type=\"container\" data-e-type=\"container\" data-settings=\"{&quot;background_background&quot;:&quot;classic&quot;}\">\n\t\t\t\t<div class=\"elementor-element elementor-element-2f0d3ec7 elementor-widget elementor-widget-video\" data-id=\"2f0d3ec7\" data-element_type=\"widget\" data-e-type=\"widget\" data-settings=\"{&quot;video_type&quot;:&quot;hosted&quot;,&quot;autoplay&quot;:&quot;yes&quot;,&quot;play_on_mobile&quot;:&quot;yes&quot;,&quot;mute&quot;:&quot;yes&quot;,&quot;loop&quot;:&quot;yes&quot;}\" data-widget_type=\"video.default\">\n\t\t\t\t<div class=\"elementor-widget-container\">\n\t\t\t\t\t\t\t<div class=\"e-hosted-video elementor-wrapper elementor-open-inline\">\n\t\t\t\t\t<video class=\"elementor-video\" src=\"https:\/\/swissblackangus.ch\/wp-content\/uploads\/2024\/03\/saeugendes-Anguskalb.mp4\" autoplay=\"\" loop=\"\" muted=\"muted\" playsinline=\"\" controlslist=\"nodownload\" poster=\"https:\/\/swissblackangus.ch\/wp-content\/uploads\/2024\/06\/saeugendes-Anguskalb.webp\"><\/video>\n\t\t\t\t<\/div>\n\t\t\t\t\t\t<\/div>\n\t\t\t\t<\/div>\n\t\t\t\t<\/div>\n\t\t<div class=\"elementor-element elementor-element-3bf32af e-flex e-con-boxed e-con e-parent\" data-id=\"3bf32af\" data-element_type=\"container\" data-e-type=\"container\" data-settings=\"{&quot;background_background&quot;:&quot;classic&quot;}\">\n\t\t\t\t\t<div class=\"e-con-inner\">\n\t\t<div class=\"elementor-element elementor-element-504e3d9 e-con-full animated-slow e-flex elementor-invisible e-con e-child\" data-id=\"504e3d9\" data-element_type=\"container\" data-e-type=\"container\" data-settings=\"{&quot;animation&quot;:&quot;fadeIn&quot;,&quot;animation_delay&quot;:0.5}\">\n\t\t\t\t<div class=\"elementor-element elementor-element-99821d2 elementor-widget elementor-widget-image\" data-id=\"99821d2\" data-element_type=\"widget\" data-e-type=\"widget\" data-widget_type=\"image.default\">\n\t\t\t\t<div class=\"elementor-widget-container\">\n\t\t\t\t\t\t\t\t\t\t\t\t\t\t\t<img decoding=\"async\" width=\"364\" height=\"364\" src=\"https:\/\/swissblackangus.ch\/wp-content\/uploads\/2024\/03\/13.png\" class=\"attachment-large size-large wp-image-12283\" alt=\"Icona Sorriso\" srcset=\"https:\/\/swissblackangus.ch\/wp-content\/uploads\/2024\/03\/13.png 364w, https:\/\/swissblackangus.ch\/wp-content\/uploads\/2024\/03\/13-300x300.png 300w, https:\/\/swissblackangus.ch\/wp-content\/uploads\/2024\/03\/13-150x150.png 150w\" sizes=\"(max-width: 364px) 100vw, 364px\" \/>\t\t\t\t\t\t\t\t\t\t\t\t\t\t\t<\/div>\n\t\t\t\t<\/div>\n\t\t\t\t<div data-dce-title-color=\"#FFFFFF\" class=\"elementor-element elementor-element-7f40b7b elementor-widget elementor-widget-heading\" data-id=\"7f40b7b\" data-element_type=\"widget\" data-e-type=\"widget\" data-widget_type=\"heading.default\">\n\t\t\t\t<div class=\"elementor-widget-container\">\n\t\t\t\t\t<h2 class=\"elementor-heading-title elementor-size-default translation-block\">Comfort dell\u2019animale \u2013<br>\nChi vuole il meglio, deve dare il meglio!<\/h2>\t\t\t\t<\/div>\n\t\t\t\t<\/div>\n\t\t\t\t<div class=\"elementor-element elementor-element-82755ec elementor-widget-divider--view-line elementor-widget elementor-widget-global elementor-global-12215 elementor-widget-divider\" data-id=\"82755ec\" data-element_type=\"widget\" data-e-type=\"widget\" data-widget_type=\"divider.default\">\n\t\t\t\t<div class=\"elementor-widget-container\">\n\t\t\t\t\t\t\t<div class=\"elementor-divider\">\n\t\t\t<span class=\"elementor-divider-separator\">\n\t\t\t\t\t\t<\/span>\n\t\t<\/div>\n\t\t\t\t\t\t<\/div>\n\t\t\t\t<\/div>\n\t\t\t\t<div class=\"elementor-element elementor-element-d843366 justify elementor-widget elementor-widget-text-editor\" data-id=\"d843366\" data-element_type=\"widget\" data-e-type=\"widget\" data-widget_type=\"text-editor.default\">\n\t\t\t\t<div class=\"elementor-widget-container\">\n\t\t\t\t\t\t\t\t\tLa carne gustosa cresce sui pascoli con la propria mandria. I vitelli Swiss Black Angus restano con le loro madri per almeno i primi 8 mesi di vita. Bevono il latte materno e pi\u00f9 tardi si nutrono anch\u2019essi con erba e fieno. I giovani bovini vengono riorganizzati in stalle separate per l\u2019ingrasso, solamente una volta che le madri sono nuovamente gravide e si sono guadagnate un meritata pausa dalla maternit\u00e0.\n\nI vitelli e le madri trascorrono tutta l\u2019estate al pascolo, mentre d\u2019inverno gli animali Swiss Black Angus sono tenuti in stabulazioni libere con libero accesso all\u2019 area d\u2019esercizio esterna.\t\t\t\t\t\t\t\t<\/div>\n\t\t\t\t<\/div>\n\t\t\t\t<\/div>\n\t\t\t\t\t<\/div>\n\t\t\t\t<\/div>\n\t\t<div class=\"elementor-element elementor-element-ff7a788 e-flex e-con-boxed e-con e-parent\" data-id=\"ff7a788\" data-element_type=\"container\" data-e-type=\"container\" id=\"2\" data-settings=\"{&quot;background_background&quot;:&quot;classic&quot;}\">\n\t\t\t\t\t<div class=\"e-con-inner\">\n\t\t<div class=\"elementor-element elementor-element-328846a e-con-full animated-slow e-flex elementor-invisible e-con e-child\" data-id=\"328846a\" data-element_type=\"container\" data-e-type=\"container\" data-settings=\"{&quot;animation&quot;:&quot;fadeIn&quot;,&quot;animation_delay&quot;:0.5}\">\n\t\t\t\t<div class=\"elementor-element elementor-element-f3f7c07 elementor-widget elementor-widget-image\" data-id=\"f3f7c07\" data-element_type=\"widget\" data-e-type=\"widget\" data-widget_type=\"image.default\">\n\t\t\t\t<div class=\"elementor-widget-container\">\n\t\t\t\t\t\t\t\t\t\t\t\t\t\t\t<img loading=\"lazy\" decoding=\"async\" width=\"364\" height=\"364\" src=\"https:\/\/swissblackangus.ch\/wp-content\/uploads\/2024\/03\/14.png\" class=\"attachment-large size-large wp-image-12284\" alt=\"Stella icona\" srcset=\"https:\/\/swissblackangus.ch\/wp-content\/uploads\/2024\/03\/14.png 364w, https:\/\/swissblackangus.ch\/wp-content\/uploads\/2024\/03\/14-300x300.png 300w, https:\/\/swissblackangus.ch\/wp-content\/uploads\/2024\/03\/14-150x150.png 150w\" sizes=\"(max-width: 364px) 100vw, 364px\" \/>\t\t\t\t\t\t\t\t\t\t\t\t\t\t\t<\/div>\n\t\t\t\t<\/div>\n\t\t\t\t<div data-dce-title-color=\"#FFFFFF\" class=\"elementor-element elementor-element-63c527d elementor-widget elementor-widget-heading\" data-id=\"63c527d\" data-element_type=\"widget\" data-e-type=\"widget\" data-widget_type=\"heading.default\">\n\t\t\t\t<div class=\"elementor-widget-container\">\n\t\t\t\t\t<h2 class=\"elementor-heading-title elementor-size-default translation-block\">Angus \u2013<br>\nnate per essere vacche nutrici.<\/h2>\t\t\t\t<\/div>\n\t\t\t\t<\/div>\n\t\t\t\t<div class=\"elementor-element elementor-element-6b445a4 elementor-widget-divider--view-line elementor-widget elementor-widget-global elementor-global-12215 elementor-widget-divider\" data-id=\"6b445a4\" data-element_type=\"widget\" data-e-type=\"widget\" data-widget_type=\"divider.default\">\n\t\t\t\t<div class=\"elementor-widget-container\">\n\t\t\t\t\t\t\t<div class=\"elementor-divider\">\n\t\t\t<span class=\"elementor-divider-separator\">\n\t\t\t\t\t\t<\/span>\n\t\t<\/div>\n\t\t\t\t\t\t<\/div>\n\t\t\t\t<\/div>\n\t\t\t\t<div class=\"elementor-element elementor-element-7f4408e justify elementor-widget elementor-widget-text-editor\" data-id=\"7f4408e\" data-element_type=\"widget\" data-e-type=\"widget\" data-widget_type=\"text-editor.default\">\n\t\t\t\t<div class=\"elementor-widget-container\">\n\t\t\t\t\t\t\t\t\tLa vacche Angus sono per natura robuste e di facile adattabilit\u00e0. Mettono al mondo il loro vitelli in completa autonomia e grazie al loro spiccato istinto materno accudiscono la loro prole nel migliore dei modi. Queste vacche producono latte in abbondanza, tanto da permettere al vitello di svilupparsi nel pieno delle forze anche senza foraggi concentrati. Le vacche Angus partoriscono per la prima volta solamente raggiunti i due anni di et\u00e0. Da questo momento in poi sono in grado di generare dei discendenti ogni anno, come il bisonte nelle grandi praterie, in perfetta armonia con il ritmo della natura.\t\t\t\t\t\t\t\t<\/div>\n\t\t\t\t<\/div>\n\t\t\t\t<\/div>\n\t\t\t\t\t<\/div>\n\t\t\t\t<\/div>\n\t\t<div class=\"elementor-element elementor-element-ea260fc e-con-full e-flex e-con e-parent\" data-id=\"ea260fc\" data-element_type=\"container\" data-e-type=\"container\" data-settings=\"{&quot;background_background&quot;:&quot;classic&quot;}\">\n\t\t\t\t<div class=\"elementor-element elementor-element-c6842e6 elementor-widget elementor-widget-image\" data-id=\"c6842e6\" data-element_type=\"widget\" data-e-type=\"widget\" data-widget_type=\"image.default\">\n\t\t\t\t<div class=\"elementor-widget-container\">\n\t\t\t\t\t\t\t\t\t\t\t\t\t\t\t<img loading=\"lazy\" decoding=\"async\" width=\"800\" height=\"533\" src=\"https:\/\/swissblackangus.ch\/wp-content\/uploads\/2024\/06\/mutter-milch-2-1024x682.webp\" class=\"attachment-large size-large wp-image-14410\" alt=\"Mucche con vitello\" srcset=\"https:\/\/swissblackangus.ch\/wp-content\/uploads\/2024\/06\/mutter-milch-2-1024x682.webp 1024w, https:\/\/swissblackangus.ch\/wp-content\/uploads\/2024\/06\/mutter-milch-2-300x200.webp 300w, https:\/\/swissblackangus.ch\/wp-content\/uploads\/2024\/06\/mutter-milch-2-768x511.webp 768w, https:\/\/swissblackangus.ch\/wp-content\/uploads\/2024\/06\/mutter-milch-2-18x12.webp 18w, https:\/\/swissblackangus.ch\/wp-content\/uploads\/2024\/06\/mutter-milch-2.webp 1500w\" sizes=\"(max-width: 800px) 100vw, 800px\" \/>\t\t\t\t\t\t\t\t\t\t\t\t\t\t\t<\/div>\n\t\t\t\t<\/div>\n\t\t\t\t<\/div>\n\t\t<div class=\"elementor-element elementor-element-3f31741 e-flex e-con-boxed e-con e-parent\" data-id=\"3f31741\" data-element_type=\"container\" data-e-type=\"container\" data-settings=\"{&quot;background_background&quot;:&quot;classic&quot;}\">\n\t\t\t\t\t<div class=\"e-con-inner\">\n\t\t<div class=\"elementor-element elementor-element-8c3062b e-con-full animated-slow e-flex elementor-invisible e-con e-child\" data-id=\"8c3062b\" data-element_type=\"container\" data-e-type=\"container\" data-settings=\"{&quot;animation&quot;:&quot;fadeIn&quot;,&quot;animation_delay&quot;:0.5}\">\n\t\t\t\t<div class=\"elementor-element elementor-element-85e3066 elementor-widget elementor-widget-image\" data-id=\"85e3066\" data-element_type=\"widget\" data-e-type=\"widget\" data-widget_type=\"image.default\">\n\t\t\t\t<div class=\"elementor-widget-container\">\n\t\t\t\t\t\t\t\t\t\t\t\t\t\t\t<img loading=\"lazy\" decoding=\"async\" width=\"364\" height=\"364\" src=\"https:\/\/swissblackangus.ch\/wp-content\/uploads\/2024\/03\/15.png\" class=\"attachment-large size-large wp-image-12449\" alt=\"Premio icona\" srcset=\"https:\/\/swissblackangus.ch\/wp-content\/uploads\/2024\/03\/15.png 364w, https:\/\/swissblackangus.ch\/wp-content\/uploads\/2024\/03\/15-300x300.png 300w, https:\/\/swissblackangus.ch\/wp-content\/uploads\/2024\/03\/15-150x150.png 150w\" sizes=\"(max-width: 364px) 100vw, 364px\" \/>\t\t\t\t\t\t\t\t\t\t\t\t\t\t\t<\/div>\n\t\t\t\t<\/div>\n\t\t\t\t<div class=\"elementor-element elementor-element-bd71ee8 justify elementor-widget elementor-widget-text-editor\" data-id=\"bd71ee8\" data-element_type=\"widget\" data-e-type=\"widget\" data-widget_type=\"text-editor.default\">\n\t\t\t\t<div class=\"elementor-widget-container\">\n\t\t\t\t\t\t\t\t\tCARNE-ANGUS<br>\nCONFORME AGLI STANDARD IP-SUISSE\t\t\t\t\t\t\t\t<\/div>\n\t\t\t\t<\/div>\n\t\t\t\t<div data-dce-title-color=\"#FFFFFF\" class=\"elementor-element elementor-element-bc4d836 elementor-widget elementor-widget-heading\" data-id=\"bc4d836\" data-element_type=\"widget\" data-e-type=\"widget\" data-widget_type=\"heading.default\">\n\t\t\t\t<div class=\"elementor-widget-container\">\n\t\t\t\t\t<h2 class=\"elementor-heading-title elementor-size-default translation-block\">Fatti relativi alla qualit\u00e0 del prodotto<\/h2>\t\t\t\t<\/div>\n\t\t\t\t<\/div>\n\t\t\t\t<div class=\"elementor-element elementor-element-2970fc2 elementor-widget-divider--view-line elementor-widget elementor-widget-global elementor-global-12215 elementor-widget-divider\" data-id=\"2970fc2\" data-element_type=\"widget\" data-e-type=\"widget\" data-widget_type=\"divider.default\">\n\t\t\t\t<div class=\"elementor-widget-container\">\n\t\t\t\t\t\t\t<div class=\"elementor-divider\">\n\t\t\t<span class=\"elementor-divider-separator\">\n\t\t\t\t\t\t<\/span>\n\t\t<\/div>\n\t\t\t\t\t\t<\/div>\n\t\t\t\t<\/div>\n\t\t\t\t<div class=\"elementor-element elementor-element-2636db6 justify elementor-widget__width-initial elementor-widget elementor-widget-text-editor\" data-id=\"2636db6\" data-element_type=\"widget\" data-e-type=\"widget\" data-widget_type=\"text-editor.default\">\n\t\t\t\t<div class=\"elementor-widget-container\">\n\t\t\t\t\t\t\t\t\tIl marchio SWISS BLACK ANGUS\nviene ottenuto solamente dai manzi, che \u2026<br>\n<span style=\"color: #c70000;\">\u2605<\/span><br>\nVengono allevati in aziende agricole-IP-SUISSE in conformit\u00e0 agli elevati standard di biodiversit\u00e0 richiesti.<br>\n<span style=\"color: #c70000;\">\u2605<\/span><br>\nCrescono allattati dalla propria madre<br>\n<span style=\"color: #c70000;\">\u2605<\/span><br>\nDurante tutta la vita non vengono mai foraggiati con soia<br>\n<span style=\"color: #c70000;\">\u2605<\/span><br>\nDurante tutta la vita non vengono mai de tenuti in stabulazioni fisse<br>\n<span style=\"color: #c70000;\">\u2605<\/span><br>\nvivono in stalle con cuccette confortevoli, aree di riposo con paglia e area di esercizio esterna\n<br><span style=\"color: #c70000;\">\u2605<\/span><br>\ndurante il periodo di vegetazione hanno quotidianamente libero accesso al pascolo insieme alle madri<br>\n<span style=\"color: #c70000;\">\u2605<\/span><br>\ngeneticamente privi di corna, vale a dire che non necessitano di decornazione\t\t\t\t\t\t\t\t<\/div>\n\t\t\t\t<\/div>\n\t\t\t\t<\/div>\n\t\t\t\t\t<\/div>\n\t\t\t\t<\/div>\n\t\t<div class=\"elementor-element elementor-element-42b508e e-con-full e-flex e-con e-parent\" data-id=\"42b508e\" data-element_type=\"container\" data-e-type=\"container\" data-settings=\"{&quot;background_background&quot;:&quot;classic&quot;}\">\n\t\t\t\t<div class=\"elementor-element elementor-element-6af134d elementor-widget elementor-widget-image\" data-id=\"6af134d\" data-element_type=\"widget\" data-e-type=\"widget\" data-widget_type=\"image.default\">\n\t\t\t\t<div class=\"elementor-widget-container\">\n\t\t\t\t\t\t\t\t\t\t\t\t\t\t\t<img loading=\"lazy\" decoding=\"async\" width=\"800\" height=\"534\" src=\"https:\/\/swissblackangus.ch\/wp-content\/uploads\/2024\/03\/mutter-milch-3-1024x683.webp\" class=\"attachment-large size-large wp-image-12460\" alt=\"Black Angus al pascolo\" srcset=\"https:\/\/swissblackangus.ch\/wp-content\/uploads\/2024\/03\/mutter-milch-3-1024x683.webp 1024w, https:\/\/swissblackangus.ch\/wp-content\/uploads\/2024\/03\/mutter-milch-3-300x200.webp 300w, https:\/\/swissblackangus.ch\/wp-content\/uploads\/2024\/03\/mutter-milch-3-768x512.webp 768w, https:\/\/swissblackangus.ch\/wp-content\/uploads\/2024\/03\/mutter-milch-3-1536x1024.webp 1536w, https:\/\/swissblackangus.ch\/wp-content\/uploads\/2024\/03\/mutter-milch-3.webp 1800w\" sizes=\"(max-width: 800px) 100vw, 800px\" \/>\t\t\t\t\t\t\t\t\t\t\t\t\t\t\t<\/div>\n\t\t\t\t<\/div>\n\t\t\t\t<\/div>\n\t\t\t\t<\/div>","protected":false},"excerpt":{"rendered":"<p>NICHTS ALS FAIR \u2013 MUTTERKUHHALTUNG BRAUCHT KEINE ZUS\u00c4TZE Mutterkuhhaltung \u2013 das Moderne an der guten alten Zeit Jeder, der eine Angus-Herde auf der Weide sieht, sp\u00fcrt es. Ein Gef\u00fchl der Stimmigkeit, eine nat\u00fcrliche Ordnung. Die K\u00fche beh\u00fcten und s\u00e4ugen ihr Kalb, der Stier l\u00e4uft mit \u2013 nichts weiter. Das ist Mutterkuhhaltung. Alles auf das Beste [&hellip;]<\/p>\n","protected":false},"author":1,"featured_media":12276,"parent":0,"menu_order":3,"comment_status":"closed","ping_status":"closed","template":"elementor_header_footer","meta":{"_acf_changed":false,"footnotes":"","_links_to":"","_links_to_target":""},"class_list":["post-12263","page","type-page","status-publish","has-post-thumbnail","hentry"],"acf":[],"_links":{"self":[{"href":"https:\/\/swissblackangus.ch\/it\/wp-json\/wp\/v2\/pages\/12263","targetHints":{"allow":["GET"]}}],"collection":[{"href":"https:\/\/swissblackangus.ch\/it\/wp-json\/wp\/v2\/pages"}],"about":[{"href":"https:\/\/swissblackangus.ch\/it\/wp-json\/wp\/v2\/types\/page"}],"author":[{"embeddable":true,"href":"https:\/\/swissblackangus.ch\/it\/wp-json\/wp\/v2\/users\/1"}],"replies":[{"embeddable":true,"href":"https:\/\/swissblackangus.ch\/it\/wp-json\/wp\/v2\/comments?post=12263"}],"version-history":[{"count":247,"href":"https:\/\/swissblackangus.ch\/it\/wp-json\/wp\/v2\/pages\/12263\/revisions"}],"predecessor-version":[{"id":15491,"href":"https:\/\/swissblackangus.ch\/it\/wp-json\/wp\/v2\/pages\/12263\/revisions\/15491"}],"wp:featuredmedia":[{"embeddable":true,"href":"https:\/\/swissblackangus.ch\/it\/wp-json\/wp\/v2\/media\/12276"}],"wp:attachment":[{"href":"https:\/\/swissblackangus.ch\/it\/wp-json\/wp\/v2\/media?parent=12263"}],"curies":[{"name":"wp","href":"https:\/\/api.w.org\/{rel}","templated":true}]}}