{"id":13197,"date":"2024-03-12T10:33:18","date_gmt":"2024-03-12T09:33:18","guid":{"rendered":"https:\/\/swissblackangus.ch\/wordpress\/?page_id=13197"},"modified":"2024-03-14T16:56:08","modified_gmt":"2024-03-14T15:56:08","slug":"condizioni-di-utilizzo","status":"publish","type":"page","link":"https:\/\/swissblackangus.ch\/it\/nutzungsbedingungen\/","title":{"rendered":"Condizioni di utilizzo"},"content":{"rendered":"<div data-elementor-type=\"wp-page\" data-elementor-id=\"13197\" class=\"elementor elementor-13197\" data-elementor-post-type=\"page\">\n\t\t\t\t<div class=\"elementor-element elementor-element-51d06fcd e-flex e-con-boxed e-con e-parent\" data-id=\"51d06fcd\" data-element_type=\"container\" data-e-type=\"container\" data-settings=\"{&quot;background_background&quot;:&quot;classic&quot;}\">\n\t\t\t\t\t<div class=\"e-con-inner\">\n\t\t<div class=\"elementor-element elementor-element-2eb531f6 e-con-full animated-slow e-flex elementor-invisible e-con e-child\" data-id=\"2eb531f6\" data-element_type=\"container\" data-e-type=\"container\" data-settings=\"{&quot;animation&quot;:&quot;fadeIn&quot;,&quot;animation_delay&quot;:0.5}\">\n\t\t\t\t<div data-dce-title-color=\"#FFFFFF\" class=\"elementor-element elementor-element-4b23859f elementor-widget elementor-widget-heading\" data-id=\"4b23859f\" data-element_type=\"widget\" data-e-type=\"widget\" data-widget_type=\"heading.default\">\n\t\t\t\t<div class=\"elementor-widget-container\">\n\t\t\t\t\t<h2 class=\"elementor-heading-title elementor-size-default\">Condizioni di utilizzo<\/h2>\t\t\t\t<\/div>\n\t\t\t\t<\/div>\n\t\t\t\t<div class=\"elementor-element elementor-element-3865fde0 elementor-widget-divider--view-line elementor-widget elementor-widget-global elementor-global-12215 elementor-widget-divider\" data-id=\"3865fde0\" data-element_type=\"widget\" data-e-type=\"widget\" data-widget_type=\"divider.default\">\n\t\t\t\t<div class=\"elementor-widget-container\">\n\t\t\t\t\t\t\t<div class=\"elementor-divider\">\n\t\t\t<span class=\"elementor-divider-separator\">\n\t\t\t\t\t\t<\/span>\n\t\t<\/div>\n\t\t\t\t\t\t<\/div>\n\t\t\t\t<\/div>\n\t\t\t\t<div class=\"elementor-element elementor-element-39f3f722 elementor-widget elementor-widget-text-editor\" data-id=\"39f3f722\" data-element_type=\"widget\" data-e-type=\"widget\" data-widget_type=\"text-editor.default\">\n\t\t\t\t<div class=\"elementor-widget-container\">\n\t\t\t\t\t\t\t\t\tIl contenuto di questo sito (immagini, testi, video, ecc.) \u00e8 protetto da copyright. Pu\u00f2 essere salvato per uso personale e non commerciale. L'uso commerciale \u00e8 consentito solo con l'espressa autorizzazione scritta dell'Associazione degli agricoltori produttori integrati IP-SUISSE e con riferimento alla fonte.\t\t\t\t\t\t\t\t<\/div>\n\t\t\t\t<\/div>\n\t\t\t\t<\/div>\n\t\t\t\t\t<\/div>\n\t\t\t\t<\/div>\n\t\t\t\t<\/div>","protected":false},"excerpt":{"rendered":"<p>Il contenuto di questo sito (immagini, testi, video, ecc.) \u00e8 protetto da copyright. Pu\u00f2 essere salvato per uso personale e non commerciale. L'uso commerciale \u00e8 consentito solo con l'espressa autorizzazione scritta dell'Associazione degli agricoltori produttori integrati IP-SUISSE e con riferimento alla fonte.<\/p>","protected":false},"author":1,"featured_media":0,"parent":0,"menu_order":21,"comment_status":"closed","ping_status":"closed","template":"","meta":{"_acf_changed":false,"footnotes":"","_links_to":"","_links_to_target":""},"class_list":["post-13197","page","type-page","status-publish","hentry"],"acf":[],"_links":{"self":[{"href":"https:\/\/swissblackangus.ch\/it\/wp-json\/wp\/v2\/pages\/13197","targetHints":{"allow":["GET"]}}],"collection":[{"href":"https:\/\/swissblackangus.ch\/it\/wp-json\/wp\/v2\/pages"}],"about":[{"href":"https:\/\/swissblackangus.ch\/it\/wp-json\/wp\/v2\/types\/page"}],"author":[{"embeddable":true,"href":"https:\/\/swissblackangus.ch\/it\/wp-json\/wp\/v2\/users\/1"}],"replies":[{"embeddable":true,"href":"https:\/\/swissblackangus.ch\/it\/wp-json\/wp\/v2\/comments?post=13197"}],"version-history":[{"count":4,"href":"https:\/\/swissblackangus.ch\/it\/wp-json\/wp\/v2\/pages\/13197\/revisions"}],"predecessor-version":[{"id":13201,"href":"https:\/\/swissblackangus.ch\/it\/wp-json\/wp\/v2\/pages\/13197\/revisions\/13201"}],"wp:attachment":[{"href":"https:\/\/swissblackangus.ch\/it\/wp-json\/wp\/v2\/media?parent=13197"}],"curies":[{"name":"wp","href":"https:\/\/api.w.org\/{rel}","templated":true}]}}