{"id":15603,"date":"2025-08-22T16:21:59","date_gmt":"2025-08-22T14:21:59","guid":{"rendered":"https:\/\/swissblackangus.ch\/?page_id=15603"},"modified":"2025-08-26T15:13:23","modified_gmt":"2025-08-26T13:13:23","slug":"notizie","status":"publish","type":"page","link":"https:\/\/swissblackangus.ch\/it\/news\/","title":{"rendered":"Notizie"},"content":{"rendered":"\t\t<div data-elementor-type=\"wp-page\" data-elementor-id=\"15603\" class=\"elementor elementor-15603\" data-elementor-post-type=\"page\">\n\t\t\t\t<div class=\"elementor-element elementor-element-a10b75f e-flex e-con-boxed e-con e-parent\" data-id=\"a10b75f\" data-element_type=\"container\" data-e-type=\"container\" data-settings=\"{&quot;background_background&quot;:&quot;classic&quot;}\">\n\t\t\t\t\t<div class=\"e-con-inner\">\n\t\t<div class=\"elementor-element elementor-element-4dc6bc7 e-con-full animated-slow e-flex elementor-invisible e-con e-child\" data-id=\"4dc6bc7\" data-element_type=\"container\" data-e-type=\"container\" data-settings=\"{&quot;animation&quot;:&quot;fadeIn&quot;,&quot;animation_delay&quot;:0.5}\">\n\t\t\t\t<div data-dce-title-color=\"#FFFFFF\" class=\"elementor-element elementor-element-bbf83aa elementor-widget__width-inherit elementor-widget elementor-widget-heading\" data-id=\"bbf83aa\" data-element_type=\"widget\" data-e-type=\"widget\" data-widget_type=\"heading.default\">\n\t\t\t\t<div class=\"elementor-widget-container\">\n\t\t\t\t\t<h1 class=\"elementor-heading-title elementor-size-default\">Aktuelles rund um<br>Swiss Black Angus<\/h1>\t\t\t\t<\/div>\n\t\t\t\t<\/div>\n\t\t\t\t<div class=\"elementor-element elementor-element-fabaf01 elementor-widget-divider--view-line elementor-widget elementor-widget-global elementor-global-12215 elementor-widget-divider\" data-id=\"fabaf01\" data-element_type=\"widget\" data-e-type=\"widget\" data-widget_type=\"divider.default\">\n\t\t\t\t<div class=\"elementor-widget-container\">\n\t\t\t\t\t\t\t<div class=\"elementor-divider\">\n\t\t\t<span class=\"elementor-divider-separator\">\n\t\t\t\t\t\t<\/span>\n\t\t<\/div>\n\t\t\t\t\t\t<\/div>\n\t\t\t\t<\/div>\n\t\t\t\t<div class=\"elementor-element elementor-element-870059f elementor-widget elementor-widget-jet-listing-grid\" data-id=\"870059f\" data-element_type=\"widget\" data-e-type=\"widget\" data-settings=\"{&quot;columns&quot;:&quot;2&quot;,&quot;columns_mobile&quot;:&quot;1&quot;}\" data-widget_type=\"jet-listing-grid.default\">\n\t\t\t\t<div class=\"elementor-widget-container\">\n\t\t\t\t\t<div class=\"jet-listing-grid jet-listing\"><div class=\"jet-listing-grid__items grid-col-desk-2 grid-col-tablet-2 grid-col-mobile-1 jet-listing-grid--15582\" data-queried-id=\"15603|WP_Post\" data-nav=\"{&quot;enabled&quot;:true,&quot;type&quot;:&quot;click&quot;,&quot;more_el&quot;:&quot;#load-more&quot;,&quot;query&quot;:{&quot;post_status&quot;:[&quot;publish&quot;],&quot;post_type&quot;:&quot;aktuelles&quot;,&quot;posts_per_page&quot;:&quot;6&quot;,&quot;paged&quot;:&quot;1&quot;,&quot;ignore_sticky_posts&quot;:&quot;1&quot;,&quot;suppress_filters&quot;:false,&quot;jet_smart_filters&quot;:&quot;jet-engine\\\/default&quot;,&quot;signature&quot;:&quot;bf8a7d728119d18129d54b5b775405f43b8606088f2578eab00cb3002b387945&quot;},&quot;widget_settings&quot;:{&quot;lisitng_id&quot;:15582,&quot;posts_num&quot;:6,&quot;columns&quot;:2,&quot;columns_tablet&quot;:2,&quot;columns_mobile&quot;:1,&quot;column_min_width&quot;:240,&quot;column_min_width_tablet&quot;:240,&quot;column_min_width_mobile&quot;:240,&quot;inline_columns_css&quot;:false,&quot;is_archive_template&quot;:&quot;&quot;,&quot;post_status&quot;:[&quot;publish&quot;],&quot;use_random_posts_num&quot;:&quot;&quot;,&quot;max_posts_num&quot;:9,&quot;not_found_message&quot;:&quot;No data was found&quot;,&quot;is_masonry&quot;:false,&quot;equal_columns_height&quot;:&quot;&quot;,&quot;use_load_more&quot;:&quot;yes&quot;,&quot;load_more_id&quot;:&quot;load-more&quot;,&quot;load_more_type&quot;:&quot;click&quot;,&quot;load_more_offset&quot;:null,&quot;use_custom_post_types&quot;:&quot;&quot;,&quot;custom_post_types&quot;:[],&quot;hide_widget_if&quot;:&quot;&quot;,&quot;carousel_enabled&quot;:&quot;&quot;,&quot;slides_to_scroll&quot;:&quot;1&quot;,&quot;arrows&quot;:&quot;true&quot;,&quot;arrow_icon&quot;:&quot;fa fa-angle-left&quot;,&quot;dots&quot;:&quot;&quot;,&quot;autoplay&quot;:&quot;true&quot;,&quot;pause_on_hover&quot;:&quot;true&quot;,&quot;autoplay_speed&quot;:5000,&quot;infinite&quot;:&quot;true&quot;,&quot;center_mode&quot;:&quot;&quot;,&quot;effect&quot;:&quot;slide&quot;,&quot;speed&quot;:500,&quot;inject_alternative_items&quot;:&quot;&quot;,&quot;injection_items&quot;:[],&quot;scroll_slider_enabled&quot;:&quot;&quot;,&quot;scroll_slider_on&quot;:[&quot;desktop&quot;,&quot;tablet&quot;,&quot;mobile&quot;],&quot;custom_query&quot;:false,&quot;custom_query_id&quot;:&quot;&quot;,&quot;_element_id&quot;:&quot;&quot;,&quot;collapse_first_last_gap&quot;:false,&quot;list_tag_selection&quot;:&quot;&quot;,&quot;list_items_wrapper_tag&quot;:&quot;div&quot;,&quot;list_item_tag&quot;:&quot;div&quot;,&quot;empty_items_wrapper_tag&quot;:&quot;div&quot;}}\" data-page=\"1\" data-pages=\"3\" data-listing-source=\"posts\" data-listing-id=\"15582\" data-query-id=\"\"><div class=\"jet-listing-grid__item jet-listing-dynamic-post-15769\" data-post-id=\"15769\"  >\t\t<div data-elementor-type=\"jet-listing-items\" data-elementor-id=\"15582\" class=\"elementor elementor-15582\" data-elementor-post-type=\"jet-engine\">\n\t\t\t\t<a class=\"elementor-element elementor-element-7485bd7 e-con-full e-flex e-con e-parent\" data-id=\"7485bd7\" data-element_type=\"container\" data-e-type=\"container\" href=\"https:\/\/swissblackangus.ch\/it\/aktuelles\/jedes-tier-zaehlt\/\">\n\t\t\t\t<div class=\"elementor-element elementor-element-82ba531 elementor-widget elementor-widget-image\" data-id=\"82ba531\" data-element_type=\"widget\" data-e-type=\"widget\" data-widget_type=\"image.default\">\n\t\t\t\t<div class=\"elementor-widget-container\">\n\t\t\t\t\t\t\t\t\t\t\t\t\t\t\t<img fetchpriority=\"high\" decoding=\"async\" width=\"768\" height=\"576\" src=\"https:\/\/swissblackangus.ch\/wp-content\/uploads\/2025\/11\/SBA_DR1A7495_co-aspect-ratio-4-3-768x576.jpg\" class=\"attachment-medium_large size-medium_large wp-image-15771\" alt=\"\" srcset=\"https:\/\/swissblackangus.ch\/wp-content\/uploads\/2025\/11\/SBA_DR1A7495_co-aspect-ratio-4-3-768x576.jpg 768w, https:\/\/swissblackangus.ch\/wp-content\/uploads\/2025\/11\/SBA_DR1A7495_co-aspect-ratio-4-3-300x225.jpg 300w, https:\/\/swissblackangus.ch\/wp-content\/uploads\/2025\/11\/SBA_DR1A7495_co-aspect-ratio-4-3-1024x768.jpg 1024w, https:\/\/swissblackangus.ch\/wp-content\/uploads\/2025\/11\/SBA_DR1A7495_co-aspect-ratio-4-3-1536x1152.jpg 1536w, https:\/\/swissblackangus.ch\/wp-content\/uploads\/2025\/11\/SBA_DR1A7495_co-aspect-ratio-4-3-16x12.jpg 16w, https:\/\/swissblackangus.ch\/wp-content\/uploads\/2025\/11\/SBA_DR1A7495_co-aspect-ratio-4-3.jpg 1602w\" sizes=\"(max-width: 768px) 100vw, 768px\" \/>\t\t\t\t\t\t\t\t\t\t\t\t\t\t\t<\/div>\n\t\t\t\t<\/div>\n\t\t\t\t<div class=\"elementor-element elementor-element-ecda7e2 elementor-widget elementor-widget-text-editor\" data-id=\"ecda7e2\" data-element_type=\"widget\" data-e-type=\"widget\" data-widget_type=\"text-editor.default\">\n\t\t\t\t<div class=\"elementor-widget-container\">\n\t\t\t\t\t\t\t\t\t6. Novembre 2025\t\t\t\t\t\t\t\t<\/div>\n\t\t\t\t<\/div>\n\t\t\t\t<div class=\"elementor-element elementor-element-7038151 elementor-widget elementor-widget-heading\" data-id=\"7038151\" data-element_type=\"widget\" data-e-type=\"widget\" data-widget_type=\"heading.default\">\n\t\t\t\t<div class=\"elementor-widget-container\">\n\t\t\t\t\t<h2 class=\"elementor-heading-title elementor-size-default\">Jedes Tier z\u00e4hlt<\/h2>\t\t\t\t<\/div>\n\t\t\t\t<\/div>\n\t\t\t\t<div class=\"elementor-element elementor-element-c04b016 elementor-widget elementor-widget-text-editor\" data-id=\"c04b016\" data-element_type=\"widget\" data-e-type=\"widget\" data-widget_type=\"text-editor.default\">\n\t\t\t\t<div class=\"elementor-widget-container\">\n\t\t\t\t\t\t\t\t\t<p>mehr lesen<\/p>\t\t\t\t\t\t\t\t<\/div>\n\t\t\t\t<\/div>\n\t\t\t\t<\/a>\n\t\t\t\t<\/div>\n\t\t<\/div><div class=\"jet-listing-grid__item jet-listing-dynamic-post-15766\" data-post-id=\"15766\"  >\t\t<div data-elementor-type=\"jet-listing-items\" data-elementor-id=\"15582\" class=\"elementor elementor-15582\" data-elementor-post-type=\"jet-engine\">\n\t\t\t\t<a class=\"elementor-element elementor-element-7485bd7 e-con-full e-flex e-con e-parent\" data-id=\"7485bd7\" data-element_type=\"container\" data-e-type=\"container\" href=\"https:\/\/swissblackangus.ch\/it\/aktuelles\/wertvolleerkenntnisse-fuerdie-zukunft-derswiss-blackangus-qualitaet\/\">\n\t\t\t\t<div class=\"elementor-element elementor-element-82ba531 elementor-widget elementor-widget-image\" data-id=\"82ba531\" data-element_type=\"widget\" data-e-type=\"widget\" data-widget_type=\"image.default\">\n\t\t\t\t<div class=\"elementor-widget-container\">\n\t\t\t\t\t\t\t\t\t\t\t\t\t\t\t<img decoding=\"async\" width=\"768\" height=\"576\" src=\"https:\/\/swissblackangus.ch\/wp-content\/uploads\/2025\/11\/Ausflug-von-Daenemark-scaled-aspect-ratio-4-3-768x576.jpeg\" class=\"attachment-medium_large size-medium_large wp-image-15768\" alt=\"\" srcset=\"https:\/\/swissblackangus.ch\/wp-content\/uploads\/2025\/11\/Ausflug-von-Daenemark-scaled-aspect-ratio-4-3-768x576.jpeg 768w, https:\/\/swissblackangus.ch\/wp-content\/uploads\/2025\/11\/Ausflug-von-Daenemark-scaled-aspect-ratio-4-3-300x225.jpeg 300w, https:\/\/swissblackangus.ch\/wp-content\/uploads\/2025\/11\/Ausflug-von-Daenemark-scaled-aspect-ratio-4-3-1024x768.jpeg 1024w, https:\/\/swissblackangus.ch\/wp-content\/uploads\/2025\/11\/Ausflug-von-Daenemark-scaled-aspect-ratio-4-3-1536x1152.jpeg 1536w, https:\/\/swissblackangus.ch\/wp-content\/uploads\/2025\/11\/Ausflug-von-Daenemark-scaled-aspect-ratio-4-3-2048x1536.jpeg 2048w, https:\/\/swissblackangus.ch\/wp-content\/uploads\/2025\/11\/Ausflug-von-Daenemark-scaled-aspect-ratio-4-3-16x12.jpeg 16w\" sizes=\"(max-width: 768px) 100vw, 768px\" \/>\t\t\t\t\t\t\t\t\t\t\t\t\t\t\t<\/div>\n\t\t\t\t<\/div>\n\t\t\t\t<div class=\"elementor-element elementor-element-ecda7e2 elementor-widget elementor-widget-text-editor\" data-id=\"ecda7e2\" data-element_type=\"widget\" data-e-type=\"widget\" data-widget_type=\"text-editor.default\">\n\t\t\t\t<div class=\"elementor-widget-container\">\n\t\t\t\t\t\t\t\t\t6. Novembre 2025\t\t\t\t\t\t\t\t<\/div>\n\t\t\t\t<\/div>\n\t\t\t\t<div class=\"elementor-element elementor-element-7038151 elementor-widget elementor-widget-heading\" data-id=\"7038151\" data-element_type=\"widget\" data-e-type=\"widget\" data-widget_type=\"heading.default\">\n\t\t\t\t<div class=\"elementor-widget-container\">\n\t\t\t\t\t<h2 class=\"elementor-heading-title elementor-size-default\">Wertvolle Erkenntnisse f\u00fcr die Zukunft der Swiss Black Angus-Qualit\u00e4t<\/h2>\t\t\t\t<\/div>\n\t\t\t\t<\/div>\n\t\t\t\t<div class=\"elementor-element elementor-element-c04b016 elementor-widget elementor-widget-text-editor\" data-id=\"c04b016\" data-element_type=\"widget\" data-e-type=\"widget\" data-widget_type=\"text-editor.default\">\n\t\t\t\t<div class=\"elementor-widget-container\">\n\t\t\t\t\t\t\t\t\t<p>mehr lesen<\/p>\t\t\t\t\t\t\t\t<\/div>\n\t\t\t\t<\/div>\n\t\t\t\t<\/a>\n\t\t\t\t<\/div>\n\t\t<\/div><div class=\"jet-listing-grid__item jet-listing-dynamic-post-15750\" data-post-id=\"15750\"  >\t\t<div data-elementor-type=\"jet-listing-items\" data-elementor-id=\"15582\" class=\"elementor elementor-15582\" data-elementor-post-type=\"jet-engine\">\n\t\t\t\t<a class=\"elementor-element elementor-element-7485bd7 e-con-full e-flex e-con e-parent\" data-id=\"7485bd7\" data-element_type=\"container\" data-e-type=\"container\" href=\"https:\/\/swissblackangus.ch\/it\/aktuelles\/mehr-regale-mehr-chancen-jetzt-sind-sie-gefragt\/\">\n\t\t\t\t<div class=\"elementor-element elementor-element-82ba531 elementor-widget elementor-widget-image\" data-id=\"82ba531\" data-element_type=\"widget\" data-e-type=\"widget\" data-widget_type=\"image.default\">\n\t\t\t\t<div class=\"elementor-widget-container\">\n\t\t\t\t\t\t\t\t\t\t\t\t\t\t\t<img decoding=\"async\" width=\"768\" height=\"576\" src=\"https:\/\/swissblackangus.ch\/wp-content\/uploads\/2025\/10\/SBA_IMG_2484_co-scaled-aspect-ratio-4-3-768x576.jpg\" class=\"attachment-medium_large size-medium_large wp-image-15759\" alt=\"\" srcset=\"https:\/\/swissblackangus.ch\/wp-content\/uploads\/2025\/10\/SBA_IMG_2484_co-scaled-aspect-ratio-4-3-768x576.jpg 768w, https:\/\/swissblackangus.ch\/wp-content\/uploads\/2025\/10\/SBA_IMG_2484_co-scaled-aspect-ratio-4-3-300x225.jpg 300w, https:\/\/swissblackangus.ch\/wp-content\/uploads\/2025\/10\/SBA_IMG_2484_co-scaled-aspect-ratio-4-3-1024x768.jpg 1024w, https:\/\/swissblackangus.ch\/wp-content\/uploads\/2025\/10\/SBA_IMG_2484_co-scaled-aspect-ratio-4-3-1536x1152.jpg 1536w, https:\/\/swissblackangus.ch\/wp-content\/uploads\/2025\/10\/SBA_IMG_2484_co-scaled-aspect-ratio-4-3-2048x1536.jpg 2048w, https:\/\/swissblackangus.ch\/wp-content\/uploads\/2025\/10\/SBA_IMG_2484_co-scaled-aspect-ratio-4-3-16x12.jpg 16w\" sizes=\"(max-width: 768px) 100vw, 768px\" \/>\t\t\t\t\t\t\t\t\t\t\t\t\t\t\t<\/div>\n\t\t\t\t<\/div>\n\t\t\t\t<div class=\"elementor-element elementor-element-ecda7e2 elementor-widget elementor-widget-text-editor\" data-id=\"ecda7e2\" data-element_type=\"widget\" data-e-type=\"widget\" data-widget_type=\"text-editor.default\">\n\t\t\t\t<div class=\"elementor-widget-container\">\n\t\t\t\t\t\t\t\t\t27. Ottobre 2025\t\t\t\t\t\t\t\t<\/div>\n\t\t\t\t<\/div>\n\t\t\t\t<div class=\"elementor-element elementor-element-7038151 elementor-widget elementor-widget-heading\" data-id=\"7038151\" data-element_type=\"widget\" data-e-type=\"widget\" data-widget_type=\"heading.default\">\n\t\t\t\t<div class=\"elementor-widget-container\">\n\t\t\t\t\t<h2 class=\"elementor-heading-title elementor-size-default\">Mehr Regale, mehr Chancen \u2013 Zeit f\u00fcr mehr Angus<\/h2>\t\t\t\t<\/div>\n\t\t\t\t<\/div>\n\t\t\t\t<div class=\"elementor-element elementor-element-c04b016 elementor-widget elementor-widget-text-editor\" data-id=\"c04b016\" data-element_type=\"widget\" data-e-type=\"widget\" data-widget_type=\"text-editor.default\">\n\t\t\t\t<div class=\"elementor-widget-container\">\n\t\t\t\t\t\t\t\t\t<p>mehr lesen<\/p>\t\t\t\t\t\t\t\t<\/div>\n\t\t\t\t<\/div>\n\t\t\t\t<\/a>\n\t\t\t\t<\/div>\n\t\t<\/div><div class=\"jet-listing-grid__item jet-listing-dynamic-post-15747\" data-post-id=\"15747\"  >\t\t<div data-elementor-type=\"jet-listing-items\" data-elementor-id=\"15582\" class=\"elementor elementor-15582\" data-elementor-post-type=\"jet-engine\">\n\t\t\t\t<a class=\"elementor-element elementor-element-7485bd7 e-con-full e-flex e-con e-parent\" data-id=\"7485bd7\" data-element_type=\"container\" data-e-type=\"container\" href=\"https:\/\/swissblackangus.ch\/it\/aktuelles\/jetzt-liefern-fuer-volle-regale\/\">\n\t\t\t\t<div class=\"elementor-element elementor-element-82ba531 elementor-widget elementor-widget-image\" data-id=\"82ba531\" data-element_type=\"widget\" data-e-type=\"widget\" data-widget_type=\"image.default\">\n\t\t\t\t<div class=\"elementor-widget-container\">\n\t\t\t\t\t\t\t\t\t\t\t\t\t\t\t<img loading=\"lazy\" decoding=\"async\" width=\"768\" height=\"576\" src=\"https:\/\/swissblackangus.ch\/wp-content\/uploads\/2025\/10\/SBA_DR1A6672_co-aspect-ratio-4-3-768x576.jpg\" class=\"attachment-medium_large size-medium_large wp-image-15753\" alt=\"\" srcset=\"https:\/\/swissblackangus.ch\/wp-content\/uploads\/2025\/10\/SBA_DR1A6672_co-aspect-ratio-4-3-768x576.jpg 768w, https:\/\/swissblackangus.ch\/wp-content\/uploads\/2025\/10\/SBA_DR1A6672_co-aspect-ratio-4-3-300x225.jpg 300w, https:\/\/swissblackangus.ch\/wp-content\/uploads\/2025\/10\/SBA_DR1A6672_co-aspect-ratio-4-3-1024x768.jpg 1024w, https:\/\/swissblackangus.ch\/wp-content\/uploads\/2025\/10\/SBA_DR1A6672_co-aspect-ratio-4-3-16x12.jpg 16w, https:\/\/swissblackangus.ch\/wp-content\/uploads\/2025\/10\/SBA_DR1A6672_co-aspect-ratio-4-3.jpg 1201w\" sizes=\"(max-width: 768px) 100vw, 768px\" \/>\t\t\t\t\t\t\t\t\t\t\t\t\t\t\t<\/div>\n\t\t\t\t<\/div>\n\t\t\t\t<div class=\"elementor-element elementor-element-ecda7e2 elementor-widget elementor-widget-text-editor\" data-id=\"ecda7e2\" data-element_type=\"widget\" data-e-type=\"widget\" data-widget_type=\"text-editor.default\">\n\t\t\t\t<div class=\"elementor-widget-container\">\n\t\t\t\t\t\t\t\t\t27. Ottobre 2025\t\t\t\t\t\t\t\t<\/div>\n\t\t\t\t<\/div>\n\t\t\t\t<div class=\"elementor-element elementor-element-7038151 elementor-widget elementor-widget-heading\" data-id=\"7038151\" data-element_type=\"widget\" data-e-type=\"widget\" data-widget_type=\"heading.default\">\n\t\t\t\t<div class=\"elementor-widget-container\">\n\t\t\t\t\t<h2 class=\"elementor-heading-title elementor-size-default\">Jetzt liefern f\u00fcr\u00a0volle Regale<\/h2>\t\t\t\t<\/div>\n\t\t\t\t<\/div>\n\t\t\t\t<div class=\"elementor-element elementor-element-c04b016 elementor-widget elementor-widget-text-editor\" data-id=\"c04b016\" data-element_type=\"widget\" data-e-type=\"widget\" data-widget_type=\"text-editor.default\">\n\t\t\t\t<div class=\"elementor-widget-container\">\n\t\t\t\t\t\t\t\t\t<p>mehr lesen<\/p>\t\t\t\t\t\t\t\t<\/div>\n\t\t\t\t<\/div>\n\t\t\t\t<\/a>\n\t\t\t\t<\/div>\n\t\t<\/div><div class=\"jet-listing-grid__item jet-listing-dynamic-post-15749\" data-post-id=\"15749\"  >\t\t<div data-elementor-type=\"jet-listing-items\" data-elementor-id=\"15582\" class=\"elementor elementor-15582\" data-elementor-post-type=\"jet-engine\">\n\t\t\t\t<a class=\"elementor-element elementor-element-7485bd7 e-con-full e-flex e-con e-parent\" data-id=\"7485bd7\" data-element_type=\"container\" data-e-type=\"container\" href=\"https:\/\/swissblackangus.ch\/it\/aktuelles\/angus-eine-weltweite-marke-fuer-einzigartige-fleischqualitaet\/\">\n\t\t\t\t<div class=\"elementor-element elementor-element-82ba531 elementor-widget elementor-widget-image\" data-id=\"82ba531\" data-element_type=\"widget\" data-e-type=\"widget\" data-widget_type=\"image.default\">\n\t\t\t\t<div class=\"elementor-widget-container\">\n\t\t\t\t\t\t\t\t\t\t\t\t\t\t\t<img loading=\"lazy\" decoding=\"async\" width=\"608\" height=\"456\" src=\"https:\/\/swissblackangus.ch\/wp-content\/uploads\/2025\/10\/SBA_Fleisch-aus-der-Q-Fom-Kamera_co-aspect-ratio-4-3.jpg\" class=\"attachment-medium_large size-medium_large wp-image-15756\" alt=\"\" srcset=\"https:\/\/swissblackangus.ch\/wp-content\/uploads\/2025\/10\/SBA_Fleisch-aus-der-Q-Fom-Kamera_co-aspect-ratio-4-3.jpg 608w, https:\/\/swissblackangus.ch\/wp-content\/uploads\/2025\/10\/SBA_Fleisch-aus-der-Q-Fom-Kamera_co-aspect-ratio-4-3-300x225.jpg 300w, https:\/\/swissblackangus.ch\/wp-content\/uploads\/2025\/10\/SBA_Fleisch-aus-der-Q-Fom-Kamera_co-aspect-ratio-4-3-16x12.jpg 16w\" sizes=\"(max-width: 608px) 100vw, 608px\" \/>\t\t\t\t\t\t\t\t\t\t\t\t\t\t\t<\/div>\n\t\t\t\t<\/div>\n\t\t\t\t<div class=\"elementor-element elementor-element-ecda7e2 elementor-widget elementor-widget-text-editor\" data-id=\"ecda7e2\" data-element_type=\"widget\" data-e-type=\"widget\" data-widget_type=\"text-editor.default\">\n\t\t\t\t<div class=\"elementor-widget-container\">\n\t\t\t\t\t\t\t\t\t27. Ottobre 2025\t\t\t\t\t\t\t\t<\/div>\n\t\t\t\t<\/div>\n\t\t\t\t<div class=\"elementor-element elementor-element-7038151 elementor-widget elementor-widget-heading\" data-id=\"7038151\" data-element_type=\"widget\" data-e-type=\"widget\" data-widget_type=\"heading.default\">\n\t\t\t\t<div class=\"elementor-widget-container\">\n\t\t\t\t\t<h2 class=\"elementor-heading-title elementor-size-default\">Angus \u2013 eine weltweite Marke\u00a0 f\u00fcr einzigartige Fleischqualit\u00e4t\u00a0<\/h2>\t\t\t\t<\/div>\n\t\t\t\t<\/div>\n\t\t\t\t<div class=\"elementor-element elementor-element-c04b016 elementor-widget elementor-widget-text-editor\" data-id=\"c04b016\" data-element_type=\"widget\" data-e-type=\"widget\" data-widget_type=\"text-editor.default\">\n\t\t\t\t<div class=\"elementor-widget-container\">\n\t\t\t\t\t\t\t\t\t<p>mehr lesen<\/p>\t\t\t\t\t\t\t\t<\/div>\n\t\t\t\t<\/div>\n\t\t\t\t<\/a>\n\t\t\t\t<\/div>\n\t\t<\/div><div class=\"jet-listing-grid__item jet-listing-dynamic-post-15526\" data-post-id=\"15526\"  >\t\t<div data-elementor-type=\"jet-listing-items\" data-elementor-id=\"15582\" class=\"elementor elementor-15582\" data-elementor-post-type=\"jet-engine\">\n\t\t\t\t<a class=\"elementor-element elementor-element-7485bd7 e-con-full e-flex e-con e-parent\" data-id=\"7485bd7\" data-element_type=\"container\" data-e-type=\"container\" href=\"https:\/\/swissblackangus.ch\/it\/aktuelles\/jetzt-auch-erhaeltlich-bei-denner\/\">\n\t\t\t\t<div class=\"elementor-element elementor-element-82ba531 elementor-widget elementor-widget-image\" data-id=\"82ba531\" data-element_type=\"widget\" data-e-type=\"widget\" data-widget_type=\"image.default\">\n\t\t\t\t<div class=\"elementor-widget-container\">\n\t\t\t\t\t\t\t\t\t\t\t\t\t\t\t<img loading=\"lazy\" decoding=\"async\" width=\"768\" height=\"576\" src=\"https:\/\/swissblackangus.ch\/wp-content\/uploads\/2025\/08\/SBA_News_IMG_3629-scaled-aspect-ratio-4-3-768x576.jpg\" class=\"attachment-medium_large size-medium_large wp-image-15616\" alt=\"\" srcset=\"https:\/\/swissblackangus.ch\/wp-content\/uploads\/2025\/08\/SBA_News_IMG_3629-scaled-aspect-ratio-4-3-768x576.jpg 768w, https:\/\/swissblackangus.ch\/wp-content\/uploads\/2025\/08\/SBA_News_IMG_3629-scaled-aspect-ratio-4-3-300x225.jpg 300w, https:\/\/swissblackangus.ch\/wp-content\/uploads\/2025\/08\/SBA_News_IMG_3629-scaled-aspect-ratio-4-3-1024x768.jpg 1024w, https:\/\/swissblackangus.ch\/wp-content\/uploads\/2025\/08\/SBA_News_IMG_3629-scaled-aspect-ratio-4-3-1536x1152.jpg 1536w, https:\/\/swissblackangus.ch\/wp-content\/uploads\/2025\/08\/SBA_News_IMG_3629-scaled-aspect-ratio-4-3-2048x1536.jpg 2048w, https:\/\/swissblackangus.ch\/wp-content\/uploads\/2025\/08\/SBA_News_IMG_3629-scaled-aspect-ratio-4-3-16x12.jpg 16w\" sizes=\"(max-width: 768px) 100vw, 768px\" \/>\t\t\t\t\t\t\t\t\t\t\t\t\t\t\t<\/div>\n\t\t\t\t<\/div>\n\t\t\t\t<div class=\"elementor-element elementor-element-ecda7e2 elementor-widget elementor-widget-text-editor\" data-id=\"ecda7e2\" data-element_type=\"widget\" data-e-type=\"widget\" data-widget_type=\"text-editor.default\">\n\t\t\t\t<div class=\"elementor-widget-container\">\n\t\t\t\t\t\t\t\t\t29. Aprile 2025\t\t\t\t\t\t\t\t<\/div>\n\t\t\t\t<\/div>\n\t\t\t\t<div class=\"elementor-element elementor-element-7038151 elementor-widget elementor-widget-heading\" data-id=\"7038151\" data-element_type=\"widget\" data-e-type=\"widget\" data-widget_type=\"heading.default\">\n\t\t\t\t<div class=\"elementor-widget-container\">\n\t\t\t\t\t<h2 class=\"elementor-heading-title elementor-size-default\">Jetzt auch erh\u00e4ltlich bei Denner<\/h2>\t\t\t\t<\/div>\n\t\t\t\t<\/div>\n\t\t\t\t<div class=\"elementor-element elementor-element-c04b016 elementor-widget elementor-widget-text-editor\" data-id=\"c04b016\" data-element_type=\"widget\" data-e-type=\"widget\" data-widget_type=\"text-editor.default\">\n\t\t\t\t<div class=\"elementor-widget-container\">\n\t\t\t\t\t\t\t\t\t<p>mehr lesen<\/p>\t\t\t\t\t\t\t\t<\/div>\n\t\t\t\t<\/div>\n\t\t\t\t<\/a>\n\t\t\t\t<\/div>\n\t\t<\/div><\/div><\/div>\t\t\t\t<\/div>\n\t\t\t\t<\/div>\n\t\t\t\t<div class=\"elementor-element elementor-element-fcc3511 elementor-widget elementor-widget-button\" data-id=\"fcc3511\" data-element_type=\"widget\" data-e-type=\"widget\" data-widget_type=\"button.default\">\n\t\t\t\t<div class=\"elementor-widget-container\">\n\t\t\t\t\t\t\t\t\t<div class=\"elementor-button-wrapper\">\n\t\t\t\t\t<a class=\"elementor-button elementor-button-link elementor-size-sm\" href=\"#\" id=\"load-more\">\n\t\t\t\t\t\t<span class=\"elementor-button-content-wrapper\">\n\t\t\t\t\t\t\t\t\t<span class=\"elementor-button-text\">\u00c4ltere Beitr\u00e4ge laden<\/span>\n\t\t\t\t\t<\/span>\n\t\t\t\t\t<\/a>\n\t\t\t\t<\/div>\n\t\t\t\t\t\t\t\t<\/div>\n\t\t\t\t<\/div>\n\t\t\t\t<\/div>\n\t\t\t\t\t<\/div>\n\t\t\t\t<\/div>\n\t\t\t\t<\/div>\n\t\t","protected":false},"excerpt":{"rendered":"<p>Notizie suSwiss Black Angus Leggi di pi\u00f9 Leggi di pi\u00f9 Leggi di pi\u00f9 Leggi di pi\u00f9 Leggi di pi\u00f9 Leggi di pi\u00f9 Carico dei post pi\u00f9 vecchi<\/p>","protected":false},"author":1,"featured_media":0,"parent":0,"menu_order":0,"comment_status":"closed","ping_status":"closed","template":"","meta":{"_acf_changed":false,"footnotes":"","_links_to":"","_links_to_target":""},"class_list":["post-15603","page","type-page","status-publish","hentry"],"acf":[],"_links":{"self":[{"href":"https:\/\/swissblackangus.ch\/it\/wp-json\/wp\/v2\/pages\/15603","targetHints":{"allow":["GET"]}}],"collection":[{"href":"https:\/\/swissblackangus.ch\/it\/wp-json\/wp\/v2\/pages"}],"about":[{"href":"https:\/\/swissblackangus.ch\/it\/wp-json\/wp\/v2\/types\/page"}],"author":[{"embeddable":true,"href":"https:\/\/swissblackangus.ch\/it\/wp-json\/wp\/v2\/users\/1"}],"replies":[{"embeddable":true,"href":"https:\/\/swissblackangus.ch\/it\/wp-json\/wp\/v2\/comments?post=15603"}],"version-history":[{"count":10,"href":"https:\/\/swissblackangus.ch\/it\/wp-json\/wp\/v2\/pages\/15603\/revisions"}],"predecessor-version":[{"id":15646,"href":"https:\/\/swissblackangus.ch\/it\/wp-json\/wp\/v2\/pages\/15603\/revisions\/15646"}],"wp:attachment":[{"href":"https:\/\/swissblackangus.ch\/it\/wp-json\/wp\/v2\/media?parent=15603"}],"curies":[{"name":"wp","href":"https:\/\/api.w.org\/{rel}","templated":true}]}}